{"id":47,"date":"2025-09-08T21:46:55","date_gmt":"2025-09-08T21:46:55","guid":{"rendered":"http:\/\/souslad.cluster021.hosting.ovh.net\/?page_id=47"},"modified":"2025-09-09T19:43:24","modified_gmt":"2025-09-09T19:43:24","slug":"inscription","status":"publish","type":"page","link":"http:\/\/souslad.cluster021.hosting.ovh.net\/index.php\/inscription\/","title":{"rendered":"Inscription"},"content":{"rendered":"\n<p>Le tarif \u00e0 l&#8217;ann\u00e9e est de <strong>255\u20ac<\/strong>.  Il comprend les cours de 1h30 chaque semaine, et les sorties en groupe \u00e0 3 spectacles dans l&#8217;ann\u00e9e. <\/p>\n\n\n\n<p>Toutes les r\u00e9p\u00e9titions du mois de septembre sont accessibles pour un essai gratuit.<\/p>\n\n\n\n<p>Pour les familles, le tarif <strong>2\u00e8me enfant est de 120\u20ac et gratuit pour le 3\u00e8me<\/strong>. <\/p>\n\n\n\n<p>Le prix de l&#8217;inscription ne doit pas \u00eatre un obstacle et nous vous invitons \u00e0 prendre contact avec nous pour en \u00e9changer.<\/p>\n\n\n\n<p>Pour vous inscrire, merci de nous contacter \u00e0 l&#8217;adresse suivante : <a href=\"mailto:contact@souslapluie.org\">contact@souslapluie.org<\/a><\/p>\n\n\n\n<p><\/p>\n","protected":false},"excerpt":{"rendered":"<p>Le tarif \u00e0 l&#8217;ann\u00e9e est de 255\u20ac. Il comprend les cours de 1h30 chaque semaine, et les sorties en groupe \u00e0 3 spectacles dans l&#8217;ann\u00e9e. Toutes les r\u00e9p\u00e9titions du mois de septembre sont accessibles pour un essai gratuit. Pour les familles, le tarif 2\u00e8me enfant est de 120\u20ac et gratuit pour le 3\u00e8me. Le prix de l&#8217;inscription ne doit pas \u00eatre un obstacle et nous vous invitons \u00e0 prendre contact avec nous pour en \u00e9changer. Pour vous inscrire, merci de nous contacter \u00e0 l&#8217;adresse suivante : contact@souslapluie.org<\/p>\n","protected":false},"author":1,"featured_media":0,"parent":0,"menu_order":0,"comment_status":"closed","ping_status":"closed","template":"","meta":{"_themeisle_gutenberg_block_has_review":false,"footnotes":""},"class_list":["post-47","page","type-page","status-publish","hentry"],"_links":{"self":[{"href":"http:\/\/souslad.cluster021.hosting.ovh.net\/index.php\/wp-json\/wp\/v2\/pages\/47","targetHints":{"allow":["GET"]}}],"collection":[{"href":"http:\/\/souslad.cluster021.hosting.ovh.net\/index.php\/wp-json\/wp\/v2\/pages"}],"about":[{"href":"http:\/\/souslad.cluster021.hosting.ovh.net\/index.php\/wp-json\/wp\/v2\/types\/page"}],"author":[{"embeddable":true,"href":"http:\/\/souslad.cluster021.hosting.ovh.net\/index.php\/wp-json\/wp\/v2\/users\/1"}],"replies":[{"embeddable":true,"href":"http:\/\/souslad.cluster021.hosting.ovh.net\/index.php\/wp-json\/wp\/v2\/comments?post=47"}],"version-history":[{"count":4,"href":"http:\/\/souslad.cluster021.hosting.ovh.net\/index.php\/wp-json\/wp\/v2\/pages\/47\/revisions"}],"predecessor-version":[{"id":67,"href":"http:\/\/souslad.cluster021.hosting.ovh.net\/index.php\/wp-json\/wp\/v2\/pages\/47\/revisions\/67"}],"wp:attachment":[{"href":"http:\/\/souslad.cluster021.hosting.ovh.net\/index.php\/wp-json\/wp\/v2\/media?parent=47"}],"curies":[{"name":"wp","href":"https:\/\/api.w.org\/{rel}","templated":true}]}}