{"id":60,"date":"2025-09-09T19:36:57","date_gmt":"2025-09-09T19:36:57","guid":{"rendered":"https:\/\/souslad.cluster021.hosting.ovh.net\/?page_id=60"},"modified":"2025-09-09T19:52:05","modified_gmt":"2025-09-09T19:52:05","slug":"repetitions","status":"publish","type":"page","link":"http:\/\/souslad.cluster021.hosting.ovh.net\/index.php\/repetitions\/","title":{"rendered":"Les r\u00e9p\u00e9titions"},"content":{"rendered":"\t\t<div data-elementor-type=\"wp-page\" data-elementor-id=\"60\" class=\"elementor elementor-60\">\n\t\t\t\t<div class=\"elementor-element elementor-element-33ff4c2 e-flex e-con-boxed e-con e-parent\" data-id=\"33ff4c2\" data-element_type=\"container\">\n\t\t\t\t\t<div class=\"e-con-inner\">\n\t\t\t\t<div class=\"elementor-element elementor-element-32d46cf elementor-widget elementor-widget-text-editor\" data-id=\"32d46cf\" data-element_type=\"widget\" data-widget_type=\"text-editor.default\">\n\t\t\t\t\t\t\t\t\t<p>Toutes les r\u00e9p\u00e9titions du mois de septembre sont accessibles gratuitement et sans engagement pour d\u00e9couvrir la troupe et le travail.<\/p>\t\t\t\t\t\t\t\t<\/div>\n\t\t\t\t\t<\/div>\n\t\t\t\t<\/div>\n\t\t<div class=\"elementor-element elementor-element-1314a9e e-grid e-con-boxed e-con e-parent\" data-id=\"1314a9e\" data-element_type=\"container\">\n\t\t\t\t\t<div class=\"e-con-inner\">\n\t\t\t\t<div class=\"elementor-element elementor-element-f686c01 elementor-widget elementor-widget-image\" data-id=\"f686c01\" data-element_type=\"widget\" data-widget_type=\"image.default\">\n\t\t\t\t\t\t\t\t\t\t\t\t\t\t\t<img fetchpriority=\"high\" decoding=\"async\" width=\"960\" height=\"960\" src=\"http:\/\/souslad.cluster021.hosting.ovh.net\/wp-content\/uploads\/2025\/09\/projet-en-image-Sous-la-pluie5-1024x1024.png\" class=\"attachment-large size-large wp-image-61\" alt=\"\" srcset=\"http:\/\/souslad.cluster021.hosting.ovh.net\/wp-content\/uploads\/2025\/09\/projet-en-image-Sous-la-pluie5-1024x1024.png 1024w, http:\/\/souslad.cluster021.hosting.ovh.net\/wp-content\/uploads\/2025\/09\/projet-en-image-Sous-la-pluie5-300x300.png 300w, http:\/\/souslad.cluster021.hosting.ovh.net\/wp-content\/uploads\/2025\/09\/projet-en-image-Sous-la-pluie5-150x150.png 150w, http:\/\/souslad.cluster021.hosting.ovh.net\/wp-content\/uploads\/2025\/09\/projet-en-image-Sous-la-pluie5-768x768.png 768w, http:\/\/souslad.cluster021.hosting.ovh.net\/wp-content\/uploads\/2025\/09\/projet-en-image-Sous-la-pluie5-75x75.png 75w, http:\/\/souslad.cluster021.hosting.ovh.net\/wp-content\/uploads\/2025\/09\/projet-en-image-Sous-la-pluie5.png 1080w\" sizes=\"(max-width: 960px) 100vw, 960px\" \/>\t\t\t\t\t\t\t\t\t\t\t\t\t\t\t<\/div>\n\t\t\t\t<div class=\"elementor-element elementor-element-77e16b4 elementor-widget elementor-widget-image\" data-id=\"77e16b4\" data-element_type=\"widget\" data-widget_type=\"image.default\">\n\t\t\t\t\t\t\t\t\t\t\t\t\t\t\t<img decoding=\"async\" width=\"960\" height=\"960\" src=\"http:\/\/souslad.cluster021.hosting.ovh.net\/wp-content\/uploads\/2025\/09\/8-1024x1024.png\" class=\"attachment-large size-large wp-image-25\" alt=\"\" srcset=\"http:\/\/souslad.cluster021.hosting.ovh.net\/wp-content\/uploads\/2025\/09\/8-1024x1024.png 1024w, http:\/\/souslad.cluster021.hosting.ovh.net\/wp-content\/uploads\/2025\/09\/8-300x300.png 300w, http:\/\/souslad.cluster021.hosting.ovh.net\/wp-content\/uploads\/2025\/09\/8-150x150.png 150w, http:\/\/souslad.cluster021.hosting.ovh.net\/wp-content\/uploads\/2025\/09\/8-768x768.png 768w, http:\/\/souslad.cluster021.hosting.ovh.net\/wp-content\/uploads\/2025\/09\/8-1536x1536.png 1536w, http:\/\/souslad.cluster021.hosting.ovh.net\/wp-content\/uploads\/2025\/09\/8-2048x2048.png 2048w, http:\/\/souslad.cluster021.hosting.ovh.net\/wp-content\/uploads\/2025\/09\/8-1140x1140.png 1140w, http:\/\/souslad.cluster021.hosting.ovh.net\/wp-content\/uploads\/2025\/09\/8-75x75.png 75w\" sizes=\"(max-width: 960px) 100vw, 960px\" \/>\t\t\t\t\t\t\t\t\t\t\t\t\t\t\t<\/div>\n\t\t\t\t\t<\/div>\n\t\t\t\t<\/div>\n\t\t\t\t<\/div>\n\t\t","protected":false},"excerpt":{"rendered":"<p>Toutes les r\u00e9p\u00e9titions du mois de septembre sont accessibles gratuitement et sans engagement pour d\u00e9couvrir la troupe et le travail.<\/p>\n","protected":false},"author":1,"featured_media":0,"parent":0,"menu_order":0,"comment_status":"closed","ping_status":"closed","template":"","meta":{"_themeisle_gutenberg_block_has_review":false,"footnotes":""},"class_list":["post-60","page","type-page","status-publish","hentry"],"_links":{"self":[{"href":"http:\/\/souslad.cluster021.hosting.ovh.net\/index.php\/wp-json\/wp\/v2\/pages\/60","targetHints":{"allow":["GET"]}}],"collection":[{"href":"http:\/\/souslad.cluster021.hosting.ovh.net\/index.php\/wp-json\/wp\/v2\/pages"}],"about":[{"href":"http:\/\/souslad.cluster021.hosting.ovh.net\/index.php\/wp-json\/wp\/v2\/types\/page"}],"author":[{"embeddable":true,"href":"http:\/\/souslad.cluster021.hosting.ovh.net\/index.php\/wp-json\/wp\/v2\/users\/1"}],"replies":[{"embeddable":true,"href":"http:\/\/souslad.cluster021.hosting.ovh.net\/index.php\/wp-json\/wp\/v2\/comments?post=60"}],"version-history":[{"count":9,"href":"http:\/\/souslad.cluster021.hosting.ovh.net\/index.php\/wp-json\/wp\/v2\/pages\/60\/revisions"}],"predecessor-version":[{"id":74,"href":"http:\/\/souslad.cluster021.hosting.ovh.net\/index.php\/wp-json\/wp\/v2\/pages\/60\/revisions\/74"}],"wp:attachment":[{"href":"http:\/\/souslad.cluster021.hosting.ovh.net\/index.php\/wp-json\/wp\/v2\/media?parent=60"}],"curies":[{"name":"wp","href":"https:\/\/api.w.org\/{rel}","templated":true}]}}